{"id":149,"date":"2020-06-05T18:47:01","date_gmt":"2020-06-05T16:47:01","guid":{"rendered":"http:\/\/localhost:8888\/nsigma\/?page_id=149"},"modified":"2024-03-29T16:27:50","modified_gmt":"2024-03-29T15:27:50","slug":"contact","status":"publish","type":"page","link":"https:\/\/leclan-ferraud.com\/fr\/contact\/","title":{"rendered":"Contact"},"content":{"rendered":"\t\t<div data-elementor-type=\"wp-page\" data-elementor-id=\"149\" class=\"elementor elementor-149\" data-elementor-post-type=\"page\">\n\t\t\t\t\t\t<section class=\"elementor-section elementor-top-section elementor-element elementor-element-2f0ad48 elementor-section-boxed elementor-section-height-default elementor-section-height-default\" data-id=\"2f0ad48\" data-element_type=\"section\">\n\t\t\t\t\t\t<div class=\"elementor-container elementor-column-gap-default\">\n\t\t\t\t\t<div class=\"elementor-column elementor-col-100 elementor-top-column elementor-element elementor-element-74cbc3f\" data-id=\"74cbc3f\" data-element_type=\"column\">\n\t\t\t<div class=\"elementor-widget-wrap elementor-element-populated\">\n\t\t\t\t\t\t<div class=\"elementor-element elementor-element-648f52a elementor-widget-divider--separator-type-pattern elementor-widget-divider--no-spacing elementor-widget-divider--view-line elementor-widget elementor-widget-divider\" data-id=\"648f52a\" data-element_type=\"widget\" data-widget_type=\"divider.default\">\n\t\t\t\t<div class=\"elementor-widget-container\">\n\t\t\t\t\t\t\t<div class=\"elementor-divider\" style=\"--divider-pattern-url: url(&quot;data:image\/svg+xml,%3Csvg xmlns=&#039;http:\/\/www.w3.org\/2000\/svg&#039; preserveAspectRatio=&#039;xMidYMid meet&#039; overflow=&#039;visible&#039; height=&#039;100%&#039; viewBox=&#039;0 0 126 26&#039; fill=&#039;black&#039; stroke=&#039;none&#039;%3E%3Cpath d=&#039;M46.8,7.8v11.5L36,18.6V7.8H46.8z M82.4,7.8L84,18.6l-12,0.7L70.4,7.8H82.4z M0,7.8l12,0.9v9.9H1.3L0,7.8z M30,7.8v10.8H19L18,7.8H30z M63.7,7.8L66,18.6H54V9.5L63.7,7.8z M89.8,7L102,7.8v10.8H91.2L89.8,7zM108,7.8l12,0.9v8.9l-12,1V7.8z&#039;\/%3E%3C\/svg%3E&quot;);\">\n\t\t\t<span class=\"elementor-divider-separator\">\n\t\t\t\t\t\t<\/span>\n\t\t<\/div>\n\t\t\t\t\t\t<\/div>\n\t\t\t\t<\/div>\n\t\t\t\t\t<\/div>\n\t\t<\/div>\n\t\t\t\t\t<\/div>\n\t\t<\/section>\n\t\t\t\t<section class=\"elementor-section elementor-top-section elementor-element elementor-element-7c9142f elementor-section-boxed elementor-section-height-default elementor-section-height-default\" data-id=\"7c9142f\" data-element_type=\"section\">\n\t\t\t\t\t\t<div class=\"elementor-container elementor-column-gap-default\">\n\t\t\t\t\t<div class=\"elementor-column elementor-col-50 elementor-top-column elementor-element elementor-element-314ed7e\" data-id=\"314ed7e\" data-element_type=\"column\">\n\t\t\t<div class=\"elementor-widget-wrap elementor-element-populated\">\n\t\t\t\t\t\t<div class=\"elementor-element elementor-element-a042adb elementor-widget elementor-widget-heading\" data-id=\"a042adb\" data-element_type=\"widget\" data-widget_type=\"heading.default\">\n\t\t\t\t<div class=\"elementor-widget-container\">\n\t\t\t\t\t<h2 class=\"elementor-heading-title elementor-size-default\">Contactez-nous<\/h2>\t\t\t\t<\/div>\n\t\t\t\t<\/div>\n\t\t\t\t<div class=\"elementor-element elementor-element-efa1366 premium-cf7-button-fwidth-yes elementor-widget elementor-widget-premium-contact-form\" data-id=\"efa1366\" data-element_type=\"widget\" data-widget_type=\"premium-contact-form.default\">\n\t\t\t\t<div class=\"elementor-widget-container\">\n\t\t\t\t\t\n\t\t\t\n\t\t\t<div class=\"premium-cf7-container\" data-settings=\"{&quot;fields_glass&quot;:&quot;none&quot;,&quot;submit_glass&quot;:&quot;none&quot;}\">\n\t\t\t\t\n<div class=\"wpcf7 no-js\" id=\"wpcf7-f670-o1\" lang=\"fr-FR\" dir=\"ltr\" data-wpcf7-id=\"670\">\n<div class=\"screen-reader-response\"><p role=\"status\" aria-live=\"polite\" aria-atomic=\"true\"><\/p> <ul><\/ul><\/div>\n<form action=\"\/fr\/wp-json\/wp\/v2\/pages\/149#wpcf7-f670-o1\" method=\"post\" class=\"wpcf7-form init\" aria-label=\"Formulaire de contact\" novalidate=\"novalidate\" data-status=\"init\">\n<fieldset class=\"hidden-fields-container\"><input type=\"hidden\" name=\"_wpcf7\" value=\"670\" \/><input type=\"hidden\" name=\"_wpcf7_version\" value=\"6.1.2\" \/><input type=\"hidden\" name=\"_wpcf7_locale\" value=\"fr_FR\" \/><input type=\"hidden\" name=\"_wpcf7_unit_tag\" value=\"wpcf7-f670-o1\" \/><input type=\"hidden\" name=\"_wpcf7_container_post\" value=\"0\" \/><input type=\"hidden\" name=\"_wpcf7_posted_data_hash\" value=\"\" \/>\n<\/fieldset>\n<p><label> Votre nom*<br \/>\n<span class=\"wpcf7-form-control-wrap\" data-name=\"your-name\"><input size=\"40\" maxlength=\"400\" class=\"wpcf7-form-control wpcf7-text wpcf7-validates-as-required\" aria-required=\"true\" aria-invalid=\"false\" placeholder=\"Nom\" value=\"\" type=\"text\" name=\"your-name\" \/><\/span> <\/label>\n<\/p>\n<p><label> Votre adresse de messagerie*<br \/>\n<span class=\"wpcf7-form-control-wrap\" data-name=\"your-email\"><input size=\"40\" maxlength=\"400\" class=\"wpcf7-form-control wpcf7-email wpcf7-validates-as-required wpcf7-text wpcf7-validates-as-email\" aria-required=\"true\" aria-invalid=\"false\" placeholder=\"Adresse e-mail\" value=\"\" type=\"email\" name=\"your-email\" \/><\/span> <\/label>\n<\/p>\n<p><label> Objet<br \/>\n<span class=\"wpcf7-form-control-wrap\" data-name=\"your-subject\"><input size=\"40\" maxlength=\"400\" class=\"wpcf7-form-control wpcf7-text\" aria-invalid=\"false\" placeholder=\"Objet\" value=\"\" type=\"text\" name=\"your-subject\" \/><\/span> <\/label>\n<\/p>\n<p><label> Votre message*<br \/>\n<span class=\"wpcf7-form-control-wrap\" data-name=\"your-message\"><textarea cols=\"40\" rows=\"10\" maxlength=\"2000\" class=\"wpcf7-form-control wpcf7-textarea wpcf7-validates-as-required\" aria-required=\"true\" aria-invalid=\"false\" placeholder=\"Message\" name=\"your-message\"><\/textarea><\/span> <\/label>\n<\/p>\n<p><label><br \/>\n<div id=\"cf7sr-69f1f98d505f1\" class=\"cf7sr-g-recaptcha\" data-theme=\"light\" data-type=\"image\" data-size=\"normal\" data-sitekey=\"6LcYlHgaAAAAAD2V31ULdF8EB-djPQ-n-RMYV7Vu\"><\/div><span class=\"wpcf7-form-control-wrap cf7sr-recaptcha\" data-name=\"cf7sr-recaptcha\"><input type=\"hidden\" name=\"cf7sr-recaptcha\" value=\"\" class=\"wpcf7-form-control\"><\/span> <\/label>\n<\/p>\n<p><input class=\"wpcf7-form-control wpcf7-submit has-spinner\" type=\"submit\" value=\"Envoyer\" \/>\n<\/p><div class=\"wpcf7-response-output\" aria-hidden=\"true\"><\/div>\n<\/form>\n<\/div>\n\t\t\t<\/div>\n\n\t\t\t\t\t\t\t<\/div>\n\t\t\t\t<\/div>\n\t\t\t\t\t<\/div>\n\t\t<\/div>\n\t\t\t\t<div class=\"elementor-column elementor-col-50 elementor-top-column elementor-element elementor-element-10aeaa0\" data-id=\"10aeaa0\" data-element_type=\"column\">\n\t\t\t<div class=\"elementor-widget-wrap elementor-element-populated\">\n\t\t\t\t\t\t<div class=\"elementor-element elementor-element-338cb95 elementor-widget elementor-widget-heading\" data-id=\"338cb95\" data-element_type=\"widget\" data-widget_type=\"heading.default\">\n\t\t\t\t<div class=\"elementor-widget-container\">\n\t\t\t\t\t<h2 class=\"elementor-heading-title elementor-size-default\">O\u00f9 retrouver les vins du Clan ?<\/h2>\t\t\t\t<\/div>\n\t\t\t\t<\/div>\n\t\t\t\t<section class=\"elementor-section elementor-inner-section elementor-element elementor-element-e809e1b elementor-section-boxed elementor-section-height-default elementor-section-height-default\" data-id=\"e809e1b\" data-element_type=\"section\">\n\t\t\t\t\t\t<div class=\"elementor-container elementor-column-gap-default\">\n\t\t\t\t\t<div class=\"elementor-column elementor-col-100 elementor-inner-column elementor-element elementor-element-1d6623e\" data-id=\"1d6623e\" data-element_type=\"column\">\n\t\t\t<div class=\"elementor-widget-wrap elementor-element-populated\">\n\t\t\t\t\t\t\t<\/div>\n\t\t<\/div>\n\t\t\t\t\t<\/div>\n\t\t<\/section>\n\t\t\t\t<section class=\"elementor-section elementor-inner-section elementor-element elementor-element-985f6f0 elementor-section-boxed elementor-section-height-default elementor-section-height-default\" data-id=\"985f6f0\" data-element_type=\"section\">\n\t\t\t\t\t\t<div class=\"elementor-container elementor-column-gap-default\">\n\t\t\t\t\t<div class=\"elementor-column elementor-col-50 elementor-inner-column elementor-element elementor-element-fef179a\" data-id=\"fef179a\" data-element_type=\"column\">\n\t\t\t<div class=\"elementor-widget-wrap elementor-element-populated\">\n\t\t\t\t\t\t<div class=\"elementor-element elementor-element-e5004bd elementor-widget elementor-widget-heading\" data-id=\"e5004bd\" data-element_type=\"widget\" data-widget_type=\"heading.default\">\n\t\t\t\t<div class=\"elementor-widget-container\">\n\t\t\t\t\t<h5 class=\"elementor-heading-title elementor-size-default\">Boutique <br>P. Ferraud &amp; Fils<\/h5>\t\t\t\t<\/div>\n\t\t\t\t<\/div>\n\t\t\t\t<div class=\"elementor-element elementor-element-93cd530 elementor-widget elementor-widget-heading\" data-id=\"93cd530\" data-element_type=\"widget\" data-widget_type=\"heading.default\">\n\t\t\t\t<div class=\"elementor-widget-container\">\n\t\t\t\t\t<p class=\"elementor-heading-title elementor-size-default\">Horaires d'ouvertures :<\/p>\t\t\t\t<\/div>\n\t\t\t\t<\/div>\n\t\t\t\t<div class=\"elementor-element elementor-element-d5f4ee3 elementor-widget elementor-widget-heading\" data-id=\"d5f4ee3\" data-element_type=\"widget\" data-widget_type=\"heading.default\">\n\t\t\t\t<div class=\"elementor-widget-container\">\n\t\t\t\t\t<p class=\"elementor-heading-title elementor-size-default\">Lundi - Vendredi<\/p>\t\t\t\t<\/div>\n\t\t\t\t<\/div>\n\t\t\t\t<div class=\"elementor-element elementor-element-9717ce7 elementor-widget elementor-widget-heading\" data-id=\"9717ce7\" data-element_type=\"widget\" data-widget_type=\"heading.default\">\n\t\t\t\t<div class=\"elementor-widget-container\">\n\t\t\t\t\t<p class=\"elementor-heading-title elementor-size-default\">8h00 \u00e0 12h00 puis 14h00 \u00e0 17h00<\/p>\t\t\t\t<\/div>\n\t\t\t\t<\/div>\n\t\t\t\t\t<\/div>\n\t\t<\/div>\n\t\t\t\t<div class=\"elementor-column elementor-col-50 elementor-inner-column elementor-element elementor-element-bd99adb\" data-id=\"bd99adb\" data-element_type=\"column\">\n\t\t\t<div class=\"elementor-widget-wrap elementor-element-populated\">\n\t\t\t\t\t\t<div class=\"elementor-element elementor-element-b616d05 elementor-widget elementor-widget-google_maps\" data-id=\"b616d05\" data-element_type=\"widget\" data-widget_type=\"google_maps.default\">\n\t\t\t\t<div class=\"elementor-widget-container\">\n\t\t\t\t\t\t\t<div class=\"elementor-custom-embed\">\n\t\t\t<iframe loading=\"lazy\"\n\t\t\t\t\tsrc=\"https:\/\/maps.google.com\/maps?q=31%20Rue%20Mar%C3%A9chal%20Foch%20belleville&#038;t=m&#038;z=14&#038;output=embed&#038;iwloc=near\"\n\t\t\t\t\ttitle=\"31 Rue Mar\u00e9chal Foch belleville\"\n\t\t\t\t\taria-label=\"31 Rue Mar\u00e9chal Foch belleville\"\n\t\t\t><\/iframe>\n\t\t<\/div>\n\t\t\t\t\t\t<\/div>\n\t\t\t\t<\/div>\n\t\t\t\t\t<\/div>\n\t\t<\/div>\n\t\t\t\t\t<\/div>\n\t\t<\/section>\n\t\t\t\t\t<\/div>\n\t\t<\/div>\n\t\t\t\t\t<\/div>\n\t\t<\/section>\n\t\t\t\t<\/div>\n\t\t","protected":false},"excerpt":{"rendered":"<p>Contactez-nous Votre nom (obligatoire) Votre adresse de messagerie (obligatoire) Objet Votre message Captcha &#916; O\u00f9 retrouver les vins du Clan ? Boutique P. Ferraud &amp; Fils Horaires d&rsquo;ouvertures : Lundi &#8211; Vendredi 8h00 \u00e0 12h00 puis 14h00 \u00e0 17h00<\/p>\n","protected":false},"author":1367,"featured_media":0,"parent":0,"menu_order":0,"comment_status":"closed","ping_status":"closed","template":"elementor_header_footer","meta":{"footnotes":""},"class_list":["post-149","page","type-page","status-publish","hentry"],"yoast_head":"<!-- This site is optimized with the Yoast SEO plugin v26.0 - https:\/\/yoast.com\/wordpress\/plugins\/seo\/ -->\n<title>Contact - Le Clan<\/title>\n<meta name=\"robots\" content=\"index, follow, max-snippet:-1, max-image-preview:large, max-video-preview:-1\" \/>\n<link rel=\"canonical\" href=\"https:\/\/leclan-ferraud.com\/fr\/contact\/\" \/>\n<meta property=\"og:locale\" content=\"fr_FR\" \/>\n<meta property=\"og:type\" content=\"article\" \/>\n<meta property=\"og:title\" content=\"Contact - Le Clan\" \/>\n<meta property=\"og:description\" content=\"Contactez-nous Votre nom (obligatoire) Votre adresse de messagerie (obligatoire) Objet Votre message Captcha &#916; O\u00f9 retrouver les vins du Clan ? Boutique P. Ferraud &amp; Fils Horaires d&rsquo;ouvertures : Lundi &#8211; Vendredi 8h00 \u00e0 12h00 puis 14h00 \u00e0 17h00\" \/>\n<meta property=\"og:url\" content=\"https:\/\/leclan-ferraud.com\/fr\/contact\/\" \/>\n<meta property=\"og:site_name\" content=\"Le Clan\" \/>\n<meta property=\"article:publisher\" content=\"https:\/\/www.facebook.com\/pferraudetfils\/\" \/>\n<meta property=\"article:modified_time\" content=\"2024-03-29T15:27:50+00:00\" \/>\n<meta name=\"twitter:card\" content=\"summary_large_image\" \/>\n<meta name=\"twitter:site\" content=\"@PFerraudetFils\" \/>\n<script type=\"application\/ld+json\" class=\"yoast-schema-graph\">{\"@context\":\"https:\/\/schema.org\",\"@graph\":[{\"@type\":\"WebPage\",\"@id\":\"https:\/\/leclan-ferraud.com\/contact\/\",\"url\":\"https:\/\/leclan-ferraud.com\/contact\/\",\"name\":\"Contact - Le Clan\",\"isPartOf\":{\"@id\":\"https:\/\/leclan-ferraud.com\/fr\/#website\"},\"datePublished\":\"2020-06-05T16:47:01+00:00\",\"dateModified\":\"2024-03-29T15:27:50+00:00\",\"breadcrumb\":{\"@id\":\"https:\/\/leclan-ferraud.com\/contact\/#breadcrumb\"},\"inLanguage\":\"fr-FR\",\"potentialAction\":[{\"@type\":\"ReadAction\",\"target\":[\"https:\/\/leclan-ferraud.com\/contact\/\"]}]},{\"@type\":\"BreadcrumbList\",\"@id\":\"https:\/\/leclan-ferraud.com\/contact\/#breadcrumb\",\"itemListElement\":[{\"@type\":\"ListItem\",\"position\":1,\"name\":\"Accueil\",\"item\":\"https:\/\/leclan-ferraud.com\/\"},{\"@type\":\"ListItem\",\"position\":2,\"name\":\"Contact\"}]},{\"@type\":\"WebSite\",\"@id\":\"https:\/\/leclan-ferraud.com\/fr\/#website\",\"url\":\"https:\/\/leclan-ferraud.com\/fr\/\",\"name\":\"Le Clan\",\"description\":\"By P.Ferraud &amp; Fils\",\"publisher\":{\"@id\":\"https:\/\/leclan-ferraud.com\/fr\/#organization\"},\"potentialAction\":[{\"@type\":\"SearchAction\",\"target\":{\"@type\":\"EntryPoint\",\"urlTemplate\":\"https:\/\/leclan-ferraud.com\/fr\/?s={search_term_string}\"},\"query-input\":{\"@type\":\"PropertyValueSpecification\",\"valueRequired\":true,\"valueName\":\"search_term_string\"}}],\"inLanguage\":\"fr-FR\"},{\"@type\":\"Organization\",\"@id\":\"https:\/\/leclan-ferraud.com\/fr\/#organization\",\"name\":\"Le Clan by P. Ferraud & Fils\",\"url\":\"https:\/\/leclan-ferraud.com\/fr\/\",\"logo\":{\"@type\":\"ImageObject\",\"inLanguage\":\"fr-FR\",\"@id\":\"https:\/\/leclan-ferraud.com\/fr\/#\/schema\/logo\/image\/\",\"url\":\"https:\/\/leclan-ferraud.com\/wp-content\/uploads\/2020\/06\/cropped-logo-Le-Clan-tp.png\",\"contentUrl\":\"https:\/\/leclan-ferraud.com\/wp-content\/uploads\/2020\/06\/cropped-logo-Le-Clan-tp.png\",\"width\":744,\"height\":575,\"caption\":\"Le Clan by P. Ferraud & Fils\"},\"image\":{\"@id\":\"https:\/\/leclan-ferraud.com\/fr\/#\/schema\/logo\/image\/\"},\"sameAs\":[\"https:\/\/www.facebook.com\/pferraudetfils\/\",\"https:\/\/x.com\/PFerraudetFils\",\"https:\/\/www.instagram.com\/pferraudetfils\/\",\"http:\/\/www.linkedin.com\/in\/maison-p-ferraud-et-fils\"]}]}<\/script>\n<!-- \/ Yoast SEO plugin. -->","yoast_head_json":{"title":"Contact - Le Clan","robots":{"index":"index","follow":"follow","max-snippet":"max-snippet:-1","max-image-preview":"max-image-preview:large","max-video-preview":"max-video-preview:-1"},"canonical":"https:\/\/leclan-ferraud.com\/fr\/contact\/","og_locale":"fr_FR","og_type":"article","og_title":"Contact - Le Clan","og_description":"Contactez-nous Votre nom (obligatoire) Votre adresse de messagerie (obligatoire) Objet Votre message Captcha &#916; O\u00f9 retrouver les vins du Clan ? Boutique P. Ferraud &amp; Fils Horaires d&rsquo;ouvertures : Lundi &#8211; Vendredi 8h00 \u00e0 12h00 puis 14h00 \u00e0 17h00","og_url":"https:\/\/leclan-ferraud.com\/fr\/contact\/","og_site_name":"Le Clan","article_publisher":"https:\/\/www.facebook.com\/pferraudetfils\/","article_modified_time":"2024-03-29T15:27:50+00:00","twitter_card":"summary_large_image","twitter_site":"@PFerraudetFils","schema":{"@context":"https:\/\/schema.org","@graph":[{"@type":"WebPage","@id":"https:\/\/leclan-ferraud.com\/contact\/","url":"https:\/\/leclan-ferraud.com\/contact\/","name":"Contact - Le Clan","isPartOf":{"@id":"https:\/\/leclan-ferraud.com\/fr\/#website"},"datePublished":"2020-06-05T16:47:01+00:00","dateModified":"2024-03-29T15:27:50+00:00","breadcrumb":{"@id":"https:\/\/leclan-ferraud.com\/contact\/#breadcrumb"},"inLanguage":"fr-FR","potentialAction":[{"@type":"ReadAction","target":["https:\/\/leclan-ferraud.com\/contact\/"]}]},{"@type":"BreadcrumbList","@id":"https:\/\/leclan-ferraud.com\/contact\/#breadcrumb","itemListElement":[{"@type":"ListItem","position":1,"name":"Accueil","item":"https:\/\/leclan-ferraud.com\/"},{"@type":"ListItem","position":2,"name":"Contact"}]},{"@type":"WebSite","@id":"https:\/\/leclan-ferraud.com\/fr\/#website","url":"https:\/\/leclan-ferraud.com\/fr\/","name":"Le Clan","description":"By P.Ferraud &amp; Fils","publisher":{"@id":"https:\/\/leclan-ferraud.com\/fr\/#organization"},"potentialAction":[{"@type":"SearchAction","target":{"@type":"EntryPoint","urlTemplate":"https:\/\/leclan-ferraud.com\/fr\/?s={search_term_string}"},"query-input":{"@type":"PropertyValueSpecification","valueRequired":true,"valueName":"search_term_string"}}],"inLanguage":"fr-FR"},{"@type":"Organization","@id":"https:\/\/leclan-ferraud.com\/fr\/#organization","name":"Le Clan by P. Ferraud & Fils","url":"https:\/\/leclan-ferraud.com\/fr\/","logo":{"@type":"ImageObject","inLanguage":"fr-FR","@id":"https:\/\/leclan-ferraud.com\/fr\/#\/schema\/logo\/image\/","url":"https:\/\/leclan-ferraud.com\/wp-content\/uploads\/2020\/06\/cropped-logo-Le-Clan-tp.png","contentUrl":"https:\/\/leclan-ferraud.com\/wp-content\/uploads\/2020\/06\/cropped-logo-Le-Clan-tp.png","width":744,"height":575,"caption":"Le Clan by P. Ferraud & Fils"},"image":{"@id":"https:\/\/leclan-ferraud.com\/fr\/#\/schema\/logo\/image\/"},"sameAs":["https:\/\/www.facebook.com\/pferraudetfils\/","https:\/\/x.com\/PFerraudetFils","https:\/\/www.instagram.com\/pferraudetfils\/","http:\/\/www.linkedin.com\/in\/maison-p-ferraud-et-fils"]}]}},"_links":{"self":[{"href":"https:\/\/leclan-ferraud.com\/fr\/wp-json\/wp\/v2\/pages\/149","targetHints":{"allow":["GET"]}}],"collection":[{"href":"https:\/\/leclan-ferraud.com\/fr\/wp-json\/wp\/v2\/pages"}],"about":[{"href":"https:\/\/leclan-ferraud.com\/fr\/wp-json\/wp\/v2\/types\/page"}],"author":[{"embeddable":true,"href":"https:\/\/leclan-ferraud.com\/fr\/wp-json\/wp\/v2\/users\/1367"}],"replies":[{"embeddable":true,"href":"https:\/\/leclan-ferraud.com\/fr\/wp-json\/wp\/v2\/comments?post=149"}],"version-history":[{"count":31,"href":"https:\/\/leclan-ferraud.com\/fr\/wp-json\/wp\/v2\/pages\/149\/revisions"}],"predecessor-version":[{"id":2760,"href":"https:\/\/leclan-ferraud.com\/fr\/wp-json\/wp\/v2\/pages\/149\/revisions\/2760"}],"wp:attachment":[{"href":"https:\/\/leclan-ferraud.com\/fr\/wp-json\/wp\/v2\/media?parent=149"}],"curies":[{"name":"wp","href":"https:\/\/api.w.org\/{rel}","templated":true}]}}