{"id":971,"date":"2020-11-23T15:54:30","date_gmt":"2020-11-23T14:54:30","guid":{"rendered":"http:\/\/localhost:8888\/nsigma\/?page_id=971"},"modified":"2022-03-11T16:16:36","modified_gmt":"2022-03-11T15:16:36","slug":"mentions-legales","status":"publish","type":"page","link":"https:\/\/leclan-ferraud.com\/fr\/mentions-legales\/","title":{"rendered":"Mentions L\u00e9gales"},"content":{"rendered":"<h2>Mentions L\u00e9gales<\/h2>\n<p>Maison P. Ferraud &amp; Fils<\/p>\n<p>31 rue Mar\u00e9chal Foch \u2013 BP194&nbsp; &nbsp; &nbsp; &nbsp; &nbsp; &nbsp; &nbsp; &nbsp; &nbsp; &nbsp; &nbsp; &nbsp; &nbsp; &nbsp; &nbsp; &nbsp; &nbsp;<\/p>\n<p>69220 Belleville en Beaujolais<\/p>\n<p>Tel: +33 (0)474064760<br \/>\nwww.ferraud.com<br \/>\nSAS au capital de 77 505 \u20ac<br \/>\nSIRET 328&nbsp;130&nbsp;281 00012<br \/>\nRCS Villefranche 328&nbsp;130 281<br \/>\nAPE 4634 Z<br \/>\nTVA intracommunautaire FR32&nbsp;328&nbsp;130 281<br \/>\nCr\u00e9dits illustrations&nbsp;: Morlon Cr\u00e9ation, Noir de Vigne<\/p>\n<p>R\u00e9alisation :&nbsp;<a style=\"color: #008000;\" href=\"https:\/\/nsigma.fr\/\"><b>Nsigma &#8211; Junior Entreprise<\/b><\/a><\/p>\n<p>H\u00e9bergeur : OVH SAS &#8211; 2 rue Kellermann &#8211; 59100 Roubaix &#8211; France &#8211; T\u00e9l\u00e9phone : + 33 9 72 10 10 07&nbsp;<\/p>\n","protected":false},"excerpt":{"rendered":"<p>Mentions L\u00e9gales Maison P. Ferraud &amp; Fils 31 rue Mar\u00e9chal Foch \u2013 BP194&nbsp; &nbsp; &nbsp; &nbsp; &nbsp; &nbsp; &nbsp; &nbsp; &nbsp; &nbsp; &nbsp; &nbsp; &nbsp; &nbsp; &nbsp; &nbsp; &nbsp; 69220 Belleville en Beaujolais Tel: +33 (0)474064760 www.ferraud.com SAS au capital de 77 505 \u20ac SIRET 328&nbsp;130&nbsp;281 00012 RCS Villefranche 328&nbsp;130 281 APE 4634 Z TVA [&hellip;]<\/p>\n","protected":false},"author":1367,"featured_media":0,"parent":0,"menu_order":0,"comment_status":"closed","ping_status":"closed","template":"elementor_header_footer","meta":{"footnotes":""},"class_list":["post-971","page","type-page","status-publish","hentry"],"yoast_head":"<!-- This site is optimized with the Yoast SEO plugin v26.0 - https:\/\/yoast.com\/wordpress\/plugins\/seo\/ -->\n<title>Mentions L\u00e9gales - Le Clan<\/title>\n<meta name=\"robots\" content=\"index, follow, max-snippet:-1, max-image-preview:large, max-video-preview:-1\" \/>\n<link rel=\"canonical\" href=\"https:\/\/leclan-ferraud.com\/fr\/mentions-legales\/\" \/>\n<meta property=\"og:locale\" content=\"fr_FR\" \/>\n<meta property=\"og:type\" content=\"article\" \/>\n<meta property=\"og:title\" content=\"Mentions L\u00e9gales - Le Clan\" \/>\n<meta property=\"og:description\" content=\"Mentions L\u00e9gales Maison P. Ferraud &amp; Fils 31 rue Mar\u00e9chal Foch \u2013 BP194&nbsp; &nbsp; &nbsp; &nbsp; &nbsp; &nbsp; &nbsp; &nbsp; &nbsp; &nbsp; &nbsp; &nbsp; &nbsp; &nbsp; &nbsp; &nbsp; &nbsp; 69220 Belleville en Beaujolais Tel: +33 (0)474064760 www.ferraud.com SAS au capital de 77 505 \u20ac SIRET 328&nbsp;130&nbsp;281 00012 RCS Villefranche 328&nbsp;130 281 APE 4634 Z TVA [&hellip;]\" \/>\n<meta property=\"og:url\" content=\"https:\/\/leclan-ferraud.com\/fr\/mentions-legales\/\" \/>\n<meta property=\"og:site_name\" content=\"Le Clan\" \/>\n<meta property=\"article:publisher\" content=\"https:\/\/www.facebook.com\/pferraudetfils\/\" \/>\n<meta property=\"article:modified_time\" content=\"2022-03-11T15:16:36+00:00\" \/>\n<meta name=\"twitter:card\" content=\"summary_large_image\" \/>\n<meta name=\"twitter:site\" content=\"@PFerraudetFils\" \/>\n<script type=\"application\/ld+json\" class=\"yoast-schema-graph\">{\"@context\":\"https:\/\/schema.org\",\"@graph\":[{\"@type\":\"WebPage\",\"@id\":\"https:\/\/leclan-ferraud.com\/mentions-legales\/\",\"url\":\"https:\/\/leclan-ferraud.com\/mentions-legales\/\",\"name\":\"Mentions L\u00e9gales - Le Clan\",\"isPartOf\":{\"@id\":\"https:\/\/leclan-ferraud.com\/fr\/#website\"},\"datePublished\":\"2020-11-23T14:54:30+00:00\",\"dateModified\":\"2022-03-11T15:16:36+00:00\",\"breadcrumb\":{\"@id\":\"https:\/\/leclan-ferraud.com\/mentions-legales\/#breadcrumb\"},\"inLanguage\":\"fr-FR\",\"potentialAction\":[{\"@type\":\"ReadAction\",\"target\":[\"https:\/\/leclan-ferraud.com\/mentions-legales\/\"]}]},{\"@type\":\"BreadcrumbList\",\"@id\":\"https:\/\/leclan-ferraud.com\/mentions-legales\/#breadcrumb\",\"itemListElement\":[{\"@type\":\"ListItem\",\"position\":1,\"name\":\"Accueil\",\"item\":\"https:\/\/leclan-ferraud.com\/\"},{\"@type\":\"ListItem\",\"position\":2,\"name\":\"Mentions L\u00e9gales\"}]},{\"@type\":\"WebSite\",\"@id\":\"https:\/\/leclan-ferraud.com\/fr\/#website\",\"url\":\"https:\/\/leclan-ferraud.com\/fr\/\",\"name\":\"Le Clan\",\"description\":\"By P.Ferraud &amp; Fils\",\"publisher\":{\"@id\":\"https:\/\/leclan-ferraud.com\/fr\/#organization\"},\"potentialAction\":[{\"@type\":\"SearchAction\",\"target\":{\"@type\":\"EntryPoint\",\"urlTemplate\":\"https:\/\/leclan-ferraud.com\/fr\/?s={search_term_string}\"},\"query-input\":{\"@type\":\"PropertyValueSpecification\",\"valueRequired\":true,\"valueName\":\"search_term_string\"}}],\"inLanguage\":\"fr-FR\"},{\"@type\":\"Organization\",\"@id\":\"https:\/\/leclan-ferraud.com\/fr\/#organization\",\"name\":\"Le Clan by P. Ferraud & Fils\",\"url\":\"https:\/\/leclan-ferraud.com\/fr\/\",\"logo\":{\"@type\":\"ImageObject\",\"inLanguage\":\"fr-FR\",\"@id\":\"https:\/\/leclan-ferraud.com\/fr\/#\/schema\/logo\/image\/\",\"url\":\"https:\/\/leclan-ferraud.com\/wp-content\/uploads\/2020\/06\/cropped-logo-Le-Clan-tp.png\",\"contentUrl\":\"https:\/\/leclan-ferraud.com\/wp-content\/uploads\/2020\/06\/cropped-logo-Le-Clan-tp.png\",\"width\":744,\"height\":575,\"caption\":\"Le Clan by P. Ferraud & Fils\"},\"image\":{\"@id\":\"https:\/\/leclan-ferraud.com\/fr\/#\/schema\/logo\/image\/\"},\"sameAs\":[\"https:\/\/www.facebook.com\/pferraudetfils\/\",\"https:\/\/x.com\/PFerraudetFils\",\"https:\/\/www.instagram.com\/pferraudetfils\/\",\"http:\/\/www.linkedin.com\/in\/maison-p-ferraud-et-fils\"]}]}<\/script>\n<!-- \/ Yoast SEO plugin. -->","yoast_head_json":{"title":"Mentions L\u00e9gales - Le Clan","robots":{"index":"index","follow":"follow","max-snippet":"max-snippet:-1","max-image-preview":"max-image-preview:large","max-video-preview":"max-video-preview:-1"},"canonical":"https:\/\/leclan-ferraud.com\/fr\/mentions-legales\/","og_locale":"fr_FR","og_type":"article","og_title":"Mentions L\u00e9gales - Le Clan","og_description":"Mentions L\u00e9gales Maison P. Ferraud &amp; Fils 31 rue Mar\u00e9chal Foch \u2013 BP194&nbsp; &nbsp; &nbsp; &nbsp; &nbsp; &nbsp; &nbsp; &nbsp; &nbsp; &nbsp; &nbsp; &nbsp; &nbsp; &nbsp; &nbsp; &nbsp; &nbsp; 69220 Belleville en Beaujolais Tel: +33 (0)474064760 www.ferraud.com SAS au capital de 77 505 \u20ac SIRET 328&nbsp;130&nbsp;281 00012 RCS Villefranche 328&nbsp;130 281 APE 4634 Z TVA [&hellip;]","og_url":"https:\/\/leclan-ferraud.com\/fr\/mentions-legales\/","og_site_name":"Le Clan","article_publisher":"https:\/\/www.facebook.com\/pferraudetfils\/","article_modified_time":"2022-03-11T15:16:36+00:00","twitter_card":"summary_large_image","twitter_site":"@PFerraudetFils","schema":{"@context":"https:\/\/schema.org","@graph":[{"@type":"WebPage","@id":"https:\/\/leclan-ferraud.com\/mentions-legales\/","url":"https:\/\/leclan-ferraud.com\/mentions-legales\/","name":"Mentions L\u00e9gales - Le Clan","isPartOf":{"@id":"https:\/\/leclan-ferraud.com\/fr\/#website"},"datePublished":"2020-11-23T14:54:30+00:00","dateModified":"2022-03-11T15:16:36+00:00","breadcrumb":{"@id":"https:\/\/leclan-ferraud.com\/mentions-legales\/#breadcrumb"},"inLanguage":"fr-FR","potentialAction":[{"@type":"ReadAction","target":["https:\/\/leclan-ferraud.com\/mentions-legales\/"]}]},{"@type":"BreadcrumbList","@id":"https:\/\/leclan-ferraud.com\/mentions-legales\/#breadcrumb","itemListElement":[{"@type":"ListItem","position":1,"name":"Accueil","item":"https:\/\/leclan-ferraud.com\/"},{"@type":"ListItem","position":2,"name":"Mentions L\u00e9gales"}]},{"@type":"WebSite","@id":"https:\/\/leclan-ferraud.com\/fr\/#website","url":"https:\/\/leclan-ferraud.com\/fr\/","name":"Le Clan","description":"By P.Ferraud &amp; Fils","publisher":{"@id":"https:\/\/leclan-ferraud.com\/fr\/#organization"},"potentialAction":[{"@type":"SearchAction","target":{"@type":"EntryPoint","urlTemplate":"https:\/\/leclan-ferraud.com\/fr\/?s={search_term_string}"},"query-input":{"@type":"PropertyValueSpecification","valueRequired":true,"valueName":"search_term_string"}}],"inLanguage":"fr-FR"},{"@type":"Organization","@id":"https:\/\/leclan-ferraud.com\/fr\/#organization","name":"Le Clan by P. Ferraud & Fils","url":"https:\/\/leclan-ferraud.com\/fr\/","logo":{"@type":"ImageObject","inLanguage":"fr-FR","@id":"https:\/\/leclan-ferraud.com\/fr\/#\/schema\/logo\/image\/","url":"https:\/\/leclan-ferraud.com\/wp-content\/uploads\/2020\/06\/cropped-logo-Le-Clan-tp.png","contentUrl":"https:\/\/leclan-ferraud.com\/wp-content\/uploads\/2020\/06\/cropped-logo-Le-Clan-tp.png","width":744,"height":575,"caption":"Le Clan by P. Ferraud & Fils"},"image":{"@id":"https:\/\/leclan-ferraud.com\/fr\/#\/schema\/logo\/image\/"},"sameAs":["https:\/\/www.facebook.com\/pferraudetfils\/","https:\/\/x.com\/PFerraudetFils","https:\/\/www.instagram.com\/pferraudetfils\/","http:\/\/www.linkedin.com\/in\/maison-p-ferraud-et-fils"]}]}},"_links":{"self":[{"href":"https:\/\/leclan-ferraud.com\/fr\/wp-json\/wp\/v2\/pages\/971","targetHints":{"allow":["GET"]}}],"collection":[{"href":"https:\/\/leclan-ferraud.com\/fr\/wp-json\/wp\/v2\/pages"}],"about":[{"href":"https:\/\/leclan-ferraud.com\/fr\/wp-json\/wp\/v2\/types\/page"}],"author":[{"embeddable":true,"href":"https:\/\/leclan-ferraud.com\/fr\/wp-json\/wp\/v2\/users\/1367"}],"replies":[{"embeddable":true,"href":"https:\/\/leclan-ferraud.com\/fr\/wp-json\/wp\/v2\/comments?post=971"}],"version-history":[{"count":36,"href":"https:\/\/leclan-ferraud.com\/fr\/wp-json\/wp\/v2\/pages\/971\/revisions"}],"predecessor-version":[{"id":2731,"href":"https:\/\/leclan-ferraud.com\/fr\/wp-json\/wp\/v2\/pages\/971\/revisions\/2731"}],"wp:attachment":[{"href":"https:\/\/leclan-ferraud.com\/fr\/wp-json\/wp\/v2\/media?parent=971"}],"curies":[{"name":"wp","href":"https:\/\/api.w.org\/{rel}","templated":true}]}}